{"id":1490,"date":"2017-04-06T16:13:17","date_gmt":"2017-04-06T15:13:17","guid":{"rendered":"http:\/\/test.thetavern.cz\/?page_id=1490"},"modified":"2023-01-13T18:04:18","modified_gmt":"2023-01-13T17:04:18","slug":"faq","status":"publish","type":"page","link":"https:\/\/stage.23x.cz\/tavern\/faq\/","title":{"rendered":"FAQ"},"content":{"rendered":"<h2 style=\"text-align: center;\">V\u00edtejte v The Tavern!<\/h2>\n<h3>MOHU SI UD\u011aLAT REZERVACI P\u0158ES TELEFON?<\/h3>\n<p>For last-minute, same-day reservations please call\u00a0+420 725 319 226. For any other reservations up to 18:30 the same day, please use our <a href=\"https:\/\/stage.23x.cz\/tavern\/rezervace\/\">online form.\u00a0<\/a>Our staff checks frequently for reservation requests and will confirm your booking as soon as possible.<\/p>\n<h3>JE MO\u017dNOST OBJEDNAT SI J\u00cdDLO S\u00a0SEBOU? POSKYTUJETE ROZVOZ?<\/h3>\n<p>Please call daily from 11:30am (weekends 10:30am) +420 725 319 226 to place your to-go orders. We do not accept to-go orders at this time by email, Facebook, or SMS.<\/p>\n<p>We can arrange a specific time for pick-up if you would like to pre-order in advance an hour or a day.<\/p>\n<p>Most of our menu can be ordered and delivered by WOLT.<\/p>\n<h3>KUDY K\u00a0N\u00c1M?<\/h3>\n<p>TRAMVAJ\u00cd #5, 9, 15, 26:\u00a0 Vystoup\u00edte na zast\u00e1vce Husineck\u00e1, pot\u00e9 se vyd\u00e1te do kopce tak, abyste po lev\u00e9 stran\u011b m\u00edjeli \u017ei\u017ekovsk\u00fd stadion. Na\u0161e restaurace s\u00eddl\u00ed na vrcholu tohoto kopce, na prav\u00e9m rohu, kde se k\u0159\u00ed\u017e\u00ed ulice Chopinova a Vozov\u00e1 a kde za\u010d\u00ednaj\u00ed Riegrovy sady.<\/p>\n<p>METREM:\u00a0 Vystoup\u00edte na zast\u00e1vce metra zelen\u00e9 linky A \u201eJi\u0159\u00edho z\u00a0Pod\u011bbrad\u201c, kde vyu\u017eijete v\u00fdchod po prav\u00e9 stran\u011b od eskal\u00e1tor\u016f, sm\u011br Slav\u00edkova ulice. Pot\u00e9 touto ulic\u00ed p\u016fjdete st\u00e1le rovn\u011b a\u017e na jej\u00ed konec, kde se rozd\u011bluje. Budete pokra\u010dovat doleva. Najdete n\u00e1s na rohu, p\u0159\u00edmo vedle parku.<\/p>\n<p>AUTEM:\u00a0 Placen\u00e9 parkov\u00e1n\u00ed je vzd\u00e1leno dva bloky od na\u0161\u00ed restaurace, v\u00a0ulici <a href=\"http:\/\/maps.google.com\/maps?saddr=current+location&amp;daddr=Polska+34%2C+Praha+2\">Polsk\u00e1<\/a> \u010di <a href=\"http:\/\/maps.google.com\/maps?saddr=current+location&amp;daddr=Slav\u00edkova+15%2C+Praha+2\">Slav\u00edkova<\/a>.<\/p>\n<h3>JAK JE TO S REZERVACEMI?<\/h3>\n<p>M\u00edsto si m\u016f\u017eete rezervovat na \u010das kdykoliv po 17. hodin\u011b, a to p\u0159es na\u0161e <a href=\"http:\/\/www.thetavern.cz\/rezervace\/\">webov\u00e9 str\u00e1nky<\/a>, nebo e-mailem na: <a href=\"mailto:rezervace@thetavern.cz\">rezervace@thetavern.cz<\/a>. Rezervace na tent\u00fd\u017e den p\u0159ij\u00edm\u00e1me pouze do 18:30. Nestihnete-li tento \u010das, nev\u00e1hejte a p\u0159ij\u010fte! N\u00e1\u0161 person\u00e1l se vynasna\u017e\u00ed, aby V\u00e1m zajistil prvn\u00ed voln\u00fd st\u016fl.<br \/>\nM\u00edsta V\u00e1m podr\u017e\u00edme maxim\u00e1ln\u011b 15 minut od za\u010d\u00e1tku rezervace, pot\u00e9 je rezervace zru\u0161ena. Z d\u016fvodu nevyzpytateln\u00e9ho po\u010das\u00ed nep\u0159ij\u00edm\u00e1me rezervace na na\u0161i zahr\u00e1dku.<\/p>\n<h3>MOHU SI REZERVOVAT ST\u016eL NA \u010cAS P\u0158ED 17. HODINOU?<\/h3>\n<p>Standardn\u011b b\u011bhem ob\u011bda ve v\u0161edn\u00edch dnech a v\u00edkendov\u00e9ho brunche rezervace nep\u0159ij\u00edm\u00e1me, pokud ale m\u00e1te speci\u00e1ln\u00ed po\u017eadavek, napi\u0161te n\u00e1m na: <a href=\"mailto:rezervace@thetavern.cz\">rezervace@thetavern.cz<\/a>.\u00a0 Na\u0161e restaurace je mo\u017en\u00e1 mal\u00e1, a\u0165 u\u017e ale p\u0159ijdete v\u00a0kter\u00fdkoliv \u010das, my ud\u011bl\u00e1me v\u0161e pro to, abychom V\u00e1s usadili. \ud83d\ude42<\/p>\n<h3>NAB\u00cdZ\u00cdTE CATERING?<\/h3>\n<p>Pro soukrom\u00fd catering v na\u0161ich restaurac\u00edch n\u00e1m napi\u0161te na <a href=\"mailto:info@thetavern.cz\">email<\/a>.<\/p>\n<h3>SM\u00cd SE U V\u00c1S KOU\u0158IT?<\/h3>\n<p>Prostory uvnit\u0159 restaurace a na\u0161\u00ed terasy jsou kompletn\u011b neku\u0159\u00e1ck\u00e9&#8211;<span class=\"gt-baf-term-text\"><span class=\"gt-baf-cell gt-baf-word-clickable\">v\u010detn\u011b<\/span><\/span>vapy, e-cigarety, bongy.<\/p>\n<h3>JAK\u00c9 METODY PLACEN\u00cd P\u0158IJ\u00cdM\u00c1TE?<\/h3>\n<p>M\u016f\u017eete u n\u00e1s platit v\u011bt\u0161inou platebn\u00edch\/kreditn\u00edch karet, \u010desk\u00fdmi korunami, eurem \u010di americk\u00fdmi dolary. Stravenky nep\u0159ij\u00edm\u00e1me.<\/p>\n<h3>PSI, KO\u010c\u00c1RKY<\/h3>\n<p>V\u0161echny vychovan\u00e9 pejsky na vod\u00edtku v\u00a0The Tavern r\u00e1di p\u0159iv\u00edt\u00e1me.<br \/>\nVzhledem k\u00a0omezen\u00e9mu prostoru uvnit\u0159 restaurace m\u016f\u017eete b\u00fdt obsluhou po\u017e\u00e1d\u00e1ni, abyste ko\u010d\u00e1rek ponechali venku. Z\u00e1me\u010dek V\u00e1m samoz\u0159ejm\u011b poskytneme.<\/p>\n","protected":false},"excerpt":{"rendered":"<p>V\u00edtejte v The Tavern! MOHU SI UD\u011aLAT REZERVACI P\u0158ES TELEFON? For last-minute, same-day reservations please call\u00a0+420 725 319 226. For any other reservations up to 18:30 the same day, please use our online form.\u00a0Our staff checks frequently for reservation requests and will confirm your booking as soon as possible. JE MO\u017dNOST OBJEDNAT SI J\u00cdDLO S\u00a0SEBOU? &hellip;<\/p>\n<p class=\"read-more\"> <a class=\"\" href=\"https:\/\/stage.23x.cz\/tavern\/faq\/\"> <span class=\"screen-reader-text\">FAQ<\/span> \u010c\u00edst d\u00e1l \u00bb<\/a><\/p>\n","protected":false},"author":1,"featured_media":0,"parent":0,"menu_order":13,"comment_status":"closed","ping_status":"closed","template":"","meta":{"inline_featured_image":false,"_mi_skip_tracking":false,"site-sidebar-layout":"default","site-content-layout":"default","ast-global-header-display":"","ast-main-header-display":"","ast-hfb-above-header-display":"","ast-hfb-below-header-display":"","ast-hfb-mobile-header-display":"","site-post-title":"","ast-breadcrumbs-content":"","ast-featured-img":"","footer-sml-layout":"","theme-transparent-header-meta":"","adv-header-id-meta":"","stick-header-meta":"","header-above-stick-meta":"","header-main-stick-meta":"","header-below-stick-meta":""},"acf":[],"yoast_head":"<!-- This site is optimized with the Yoast SEO plugin v20.4 - https:\/\/yoast.com\/wordpress\/plugins\/seo\/ -->\n<title>FAQ &ndash; The Tavern<\/title>\n<meta name=\"description\" content=\"[:cs]V\u00edtejte v The Tavern[:en]Welcome to The Tavern[:]\" \/>\n<meta name=\"robots\" content=\"index, follow, max-snippet:-1, max-image-preview:large, max-video-preview:-1\" \/>\n<link rel=\"canonical\" href=\"https:\/\/stage.23x.cz\/tavern\/faq\/\" \/>\n<meta property=\"og:locale\" content=\"cs_CZ\" \/>\n<meta property=\"og:type\" content=\"article\" \/>\n<meta property=\"og:title\" content=\"FAQ &ndash; The Tavern\" \/>\n<meta property=\"og:description\" content=\"[:cs]V\u00edtejte v The Tavern[:en]Welcome to The Tavern[:]\" \/>\n<meta property=\"og:url\" content=\"https:\/\/stage.23x.cz\/tavern\/faq\/\" \/>\n<meta property=\"og:site_name\" content=\"The Tavern\" \/>\n<meta property=\"article:publisher\" content=\"https:\/\/www.facebook.com\/profile.php?id=100063712806248\" \/>\n<meta property=\"article:modified_time\" content=\"2023-01-13T17:04:18+00:00\" \/>\n<meta name=\"twitter:card\" content=\"summary_large_image\" \/>\n<meta name=\"twitter:label1\" content=\"Odhadovan\u00e1 doba \u010dten\u00ed\" \/>\n\t<meta name=\"twitter:data1\" content=\"3 minuty\" \/>\n<!-- \/ Yoast SEO plugin. -->","yoast_head_json":{"title":"FAQ &ndash; The Tavern","description":"[:cs]V\u00edtejte v The Tavern[:en]Welcome to The Tavern[:]","robots":{"index":"index","follow":"follow","max-snippet":"max-snippet:-1","max-image-preview":"max-image-preview:large","max-video-preview":"max-video-preview:-1"},"canonical":"https:\/\/stage.23x.cz\/tavern\/faq\/","og_locale":"cs_CZ","og_type":"article","og_title":"FAQ &ndash; The Tavern","og_description":"[:cs]V\u00edtejte v The Tavern[:en]Welcome to The Tavern[:]","og_url":"https:\/\/stage.23x.cz\/tavern\/faq\/","og_site_name":"The Tavern","article_publisher":"https:\/\/www.facebook.com\/profile.php?id=100063712806248","article_modified_time":"2023-01-13T17:04:18+00:00","twitter_card":"summary_large_image","twitter_misc":{"Odhadovan\u00e1 doba \u010dten\u00ed":"3 minuty"},"schema":{"@context":"https:\/\/schema.org","@graph":[{"@type":"WebPage","@id":"https:\/\/stage.23x.cz\/tavern\/faq\/","url":"https:\/\/stage.23x.cz\/tavern\/faq\/","name":"FAQ &ndash; The Tavern","isPartOf":{"@id":"https:\/\/stage.23x.cz\/tavern\/#website"},"datePublished":"2017-04-06T15:13:17+00:00","dateModified":"2023-01-13T17:04:18+00:00","description":"[:cs]V\u00edtejte v The Tavern[:en]Welcome to The Tavern[:]","breadcrumb":{"@id":"https:\/\/stage.23x.cz\/tavern\/faq\/#breadcrumb"},"inLanguage":"cs","potentialAction":[{"@type":"ReadAction","target":["https:\/\/stage.23x.cz\/tavern\/faq\/"]}]},{"@type":"BreadcrumbList","@id":"https:\/\/stage.23x.cz\/tavern\/faq\/#breadcrumb","itemListElement":[{"@type":"ListItem","position":1,"name":"Home","item":"https:\/\/stage.23x.cz\/tavern\/"},{"@type":"ListItem","position":2,"name":"FAQ"}]},{"@type":"WebSite","@id":"https:\/\/stage.23x.cz\/tavern\/#website","url":"https:\/\/stage.23x.cz\/tavern\/","name":"The Tavern","description":"Burger &amp; Cocktail Bar","publisher":{"@id":"https:\/\/stage.23x.cz\/tavern\/#organization"},"potentialAction":[{"@type":"SearchAction","target":{"@type":"EntryPoint","urlTemplate":"https:\/\/stage.23x.cz\/tavern\/?s={search_term_string}"},"query-input":"required name=search_term_string"}],"inLanguage":"cs"},{"@type":"Organization","@id":"https:\/\/stage.23x.cz\/tavern\/#organization","name":"The Tavern","url":"https:\/\/stage.23x.cz\/tavern\/","logo":{"@type":"ImageObject","inLanguage":"cs","@id":"https:\/\/stage.23x.cz\/tavern\/#\/schema\/logo\/image\/","url":"https:\/\/stage.23x.cz\/tavern\/wp-content\/uploads\/2017\/04\/The-Tavern-logo.svg","contentUrl":"https:\/\/stage.23x.cz\/tavern\/wp-content\/uploads\/2017\/04\/The-Tavern-logo.svg","width":286,"height":63,"caption":"The Tavern"},"image":{"@id":"https:\/\/stage.23x.cz\/tavern\/#\/schema\/logo\/image\/"},"sameAs":["https:\/\/www.facebook.com\/profile.php?id=100063712806248"]}]}},"_links":{"self":[{"href":"https:\/\/stage.23x.cz\/tavern\/wp-json\/wp\/v2\/pages\/1490"}],"collection":[{"href":"https:\/\/stage.23x.cz\/tavern\/wp-json\/wp\/v2\/pages"}],"about":[{"href":"https:\/\/stage.23x.cz\/tavern\/wp-json\/wp\/v2\/types\/page"}],"author":[{"embeddable":true,"href":"https:\/\/stage.23x.cz\/tavern\/wp-json\/wp\/v2\/users\/1"}],"replies":[{"embeddable":true,"href":"https:\/\/stage.23x.cz\/tavern\/wp-json\/wp\/v2\/comments?post=1490"}],"version-history":[{"count":0,"href":"https:\/\/stage.23x.cz\/tavern\/wp-json\/wp\/v2\/pages\/1490\/revisions"}],"wp:attachment":[{"href":"https:\/\/stage.23x.cz\/tavern\/wp-json\/wp\/v2\/media?parent=1490"}],"curies":[{"name":"wp","href":"https:\/\/api.w.org\/{rel}","templated":true}]}}