{"id":17,"date":"2017-01-20T19:04:57","date_gmt":"2017-01-20T18:04:57","guid":{"rendered":"http:\/\/test.thetavern.cz\/?page_id=17"},"modified":"2023-02-02T17:04:56","modified_gmt":"2023-02-02T16:04:56","slug":"dean-lori","status":"publish","type":"page","link":"https:\/\/stage.23x.cz\/tavern\/dean-lori\/","title":{"rendered":"O n\u00e1s"},"content":{"rendered":"\t\t<div data-elementor-type=\"wp-page\" data-elementor-id=\"17\" class=\"elementor elementor-17\">\n\t\t\t\t\t\t\t<div class=\"elementor-element elementor-element-8a9b1d3 e-con-full e-con\" data-id=\"8a9b1d3\" data-element_type=\"container\" data-settings=\"{&quot;content_width&quot;:&quot;full&quot;}\">\n\t\t\t\t<div class=\"elementor-element elementor-element-680174c gallery-spacing-custom elementor-widget elementor-widget-image-gallery\" data-id=\"680174c\" data-element_type=\"widget\" data-widget_type=\"image-gallery.default\">\n\t\t\t\t<div class=\"elementor-widget-container\">\n\t\t\t<style>\/*! elementor - v3.12.1 - 02-04-2023 *\/\n.elementor-image-gallery .gallery-item{display:inline-block;text-align:center;vertical-align:top;width:100%;max-width:100%;margin:0 auto}.elementor-image-gallery .gallery-item img{margin:0 auto}.elementor-image-gallery .gallery-item .gallery-caption{margin:0}.elementor-image-gallery figure img{display:block}.elementor-image-gallery figure figcaption{width:100%}.gallery-spacing-custom .elementor-image-gallery .gallery-icon{padding:0}@media (min-width:768px){.elementor-image-gallery .gallery-columns-2 .gallery-item{max-width:50%}.elementor-image-gallery .gallery-columns-3 .gallery-item{max-width:33.33%}.elementor-image-gallery .gallery-columns-4 .gallery-item{max-width:25%}.elementor-image-gallery .gallery-columns-5 .gallery-item{max-width:20%}.elementor-image-gallery .gallery-columns-6 .gallery-item{max-width:16.666%}.elementor-image-gallery .gallery-columns-7 .gallery-item{max-width:14.28%}.elementor-image-gallery .gallery-columns-8 .gallery-item{max-width:12.5%}.elementor-image-gallery .gallery-columns-9 .gallery-item{max-width:11.11%}.elementor-image-gallery .gallery-columns-10 .gallery-item{max-width:10%}}@media (min-width:480px) and (max-width:767px){.elementor-image-gallery .gallery.gallery-columns-2 .gallery-item,.elementor-image-gallery .gallery.gallery-columns-3 .gallery-item,.elementor-image-gallery .gallery.gallery-columns-4 .gallery-item,.elementor-image-gallery .gallery.gallery-columns-5 .gallery-item,.elementor-image-gallery .gallery.gallery-columns-6 .gallery-item,.elementor-image-gallery .gallery.gallery-columns-7 .gallery-item,.elementor-image-gallery .gallery.gallery-columns-8 .gallery-item,.elementor-image-gallery .gallery.gallery-columns-9 .gallery-item,.elementor-image-gallery .gallery.gallery-columns-10 .gallery-item{max-width:50%}}@media (max-width:479px){.elementor-image-gallery .gallery.gallery-columns-2 .gallery-item,.elementor-image-gallery .gallery.gallery-columns-3 .gallery-item,.elementor-image-gallery .gallery.gallery-columns-4 .gallery-item,.elementor-image-gallery .gallery.gallery-columns-5 .gallery-item,.elementor-image-gallery .gallery.gallery-columns-6 .gallery-item,.elementor-image-gallery .gallery.gallery-columns-7 .gallery-item,.elementor-image-gallery .gallery.gallery-columns-8 .gallery-item,.elementor-image-gallery .gallery.gallery-columns-9 .gallery-item,.elementor-image-gallery .gallery.gallery-columns-10 .gallery-item{max-width:100%}}<\/style>\t\t<div class=\"elementor-image-gallery\">\n\t\t\t<div id='gallery-1' class='gallery galleryid-17 gallery-columns-3 gallery-size-medium_large'><figure class='gallery-item'>\n\t\t\t<div class='gallery-icon landscape'>\n\t\t\t\t<img width=\"768\" height=\"512\" src=\"https:\/\/stage.23x.cz\/tavern\/wp-content\/uploads\/2017\/04\/pulled-pork.jpg\" class=\"attachment-medium_large size-medium_large\" alt=\"\" decoding=\"async\" loading=\"lazy\" \/>\n\t\t\t<\/div><\/figure><figure class='gallery-item'>\n\t\t\t<div class='gallery-icon landscape'>\n\t\t\t\t<img width=\"768\" height=\"513\" src=\"https:\/\/stage.23x.cz\/tavern\/wp-content\/uploads\/2017\/04\/Dean-n-Lori-Sticky-Ds-BBQ.jpg\" class=\"attachment-medium_large size-medium_large\" alt=\"\" decoding=\"async\" loading=\"lazy\" \/>\n\t\t\t<\/div><\/figure><figure class='gallery-item'>\n\t\t\t<div class='gallery-icon portrait'>\n\t\t\t\t<img width=\"768\" height=\"1152\" src=\"https:\/\/stage.23x.cz\/tavern\/wp-content\/uploads\/2017\/05\/pp-acdc-768x1152.jpg\" class=\"attachment-medium_large size-medium_large\" alt=\"Smoked Pulled Pork Rocks\" decoding=\"async\" loading=\"lazy\" aria-describedby=\"gallery-1-2068\" srcset=\"https:\/\/stage.23x.cz\/tavern\/wp-content\/uploads\/2017\/05\/pp-acdc-768x1152.jpg 768w, https:\/\/stage.23x.cz\/tavern\/wp-content\/uploads\/2017\/05\/pp-acdc-100x150.jpg 100w, https:\/\/stage.23x.cz\/tavern\/wp-content\/uploads\/2017\/05\/pp-acdc-200x300.jpg 200w, https:\/\/stage.23x.cz\/tavern\/wp-content\/uploads\/2017\/05\/pp-acdc-683x1024.jpg 683w, https:\/\/stage.23x.cz\/tavern\/wp-content\/uploads\/2017\/05\/pp-acdc-133x200.jpg 133w, https:\/\/stage.23x.cz\/tavern\/wp-content\/uploads\/2017\/05\/pp-acdc.jpg 1000w\" sizes=\"(max-width: 768px) 100vw, 768px\" \/>\n\t\t\t<\/div>\n\t\t\t\t<figcaption class='wp-caption-text gallery-caption' id='gallery-1-2068'>\n\t\t\t\tSmoked Pulled Pork Rocks\n\t\t\t\t<\/figcaption><\/figure>\n\t\t<\/div>\n\t\t<\/div>\n\t\t\t\t<\/div>\n\t\t\t\t<\/div>\n\t\t\t\t<\/div>\n\t\t<div class=\"elementor-element elementor-element-a0da82b e-con-boxed e-con\" data-id=\"a0da82b\" data-element_type=\"container\" data-settings=\"{&quot;content_width&quot;:&quot;boxed&quot;}\">\n\t\t\t\t\t<div class=\"e-con-inner\">\n\t\t\t\t<div class=\"elementor-element elementor-element-983d14a elementor-widget elementor-widget-text-editor\" data-id=\"983d14a\" data-element_type=\"widget\" data-widget_type=\"text-editor.default\">\n\t\t\t\t<div class=\"elementor-widget-container\">\n\t\t\t<style>\/*! elementor - v3.12.1 - 02-04-2023 *\/\n.elementor-widget-text-editor.elementor-drop-cap-view-stacked .elementor-drop-cap{background-color:#69727d;color:#fff}.elementor-widget-text-editor.elementor-drop-cap-view-framed .elementor-drop-cap{color:#69727d;border:3px solid;background-color:transparent}.elementor-widget-text-editor:not(.elementor-drop-cap-view-default) .elementor-drop-cap{margin-top:8px}.elementor-widget-text-editor:not(.elementor-drop-cap-view-default) .elementor-drop-cap-letter{width:1em;height:1em}.elementor-widget-text-editor .elementor-drop-cap{float:left;text-align:center;line-height:1;font-size:50px}.elementor-widget-text-editor .elementor-drop-cap-letter{display:inline-block}<\/style>\t\t\t\t<div class=\"intro collapse\"><div id=\"pl-1603\" class=\"panel-layout\"><div id=\"pg-1603-0\" class=\"panel-grid panel-no-style\"><div id=\"pgc-1603-0-0\" class=\"panel-grid-cell\" data-weight=\"1\"><div id=\"panel-1603-0-0-0\" class=\"so-panel widget widget_sow-editor panel-first-child panel-last-child widgetopts-SO\" data-index=\"0\" data-style=\"{&quot;background_image_attachment&quot;:false,&quot;background_display&quot;:&quot;tile&quot;,&quot;animation_offset&quot;:&quot;10&quot;,&quot;animation_iteration&quot;:&quot;1&quot;}\"><div class=\"so-widget-sow-editor so-widget-sow-editor-base\"><div class=\"siteorigin-widget-tinymce textwidget\"><p>V roce 2010 jsme otev\u0159eli pro fanou\u0161ky klasick\u00fdch americk\u00fdch diner-style burgr\u016f a koktejl\u016f restauraci The Tavern \u2013 prvn\u00ed bar\/restauraci sv\u00e9ho druhu v \u010cesk\u00e9 republice. Ochutnejte z v\u00fdb\u011bru \u010desk\u00fdch minipivovar\u016f; obslou\u017e\u00ed V\u00e1s nejp\u0159\u00e1tel\u0161t\u011bj\u0161\u00ed person\u00e1l \u0161iroko daleko.<\/p><p>Vyberte si z na\u0161\u00ed nab\u00eddky \u0161\u0165avnat\u00fdch a \u010derstv\u011b ugrilovan\u00fdch burgr\u016f ze 100% hov\u011bz\u00edho krku s rozt\u00e9kaj\u00edc\u00edm se s\u00fdrem a dom\u00e1c\u00edmi om\u00e1\u010dkami na na\u0161ich \u010derstv\u011b ope\u010den\u00fdch m\u00e1slov\u00fdch bulk\u00e1ch. Ochutnejte k\u0159upav\u00fd, v podm\u00e1sl\u00ed marinovan\u00fd Southern Fried Chicken Sandwich nebo n\u00e1\u0161 ocen\u011bn\u00fd BBQ Smoked Pulled Pork nebo chutn\u00e9 a lehce pikantn\u00ed Chili-Cheddar Hranolky, ale nezapome\u0148te si nechat m\u00edsto na lahodn\u00fd Bourbon Pecan Pie od Lori nebo na kousek vanilkov\u00e9ho cheesecaku se slan\u00fdm karamelem!<\/p><p>Jak v The Tavern tak v na\u0161i sestersk\u00e9 restauraci <a href=\"http:\/\/www.ukurelu.cz\">U Kurelu<\/a>, nab\u00edz\u00edme kreativn\u00ed a klasick\u00fd americk\u00fd barov\u00fd z\u00e1\u017eitek. P\u0159iv\u00edt\u00e1me ka\u017ed\u00e9ho ze sousedstv\u00ed do na\u0161ich z\u00e1bavn\u00fdch a \u017eiv\u00fdch podnik\u016f, kter\u00e9 h\u00fd\u0159\u00ed dobrou muzikou a p\u0159\u00edjemn\u00fdmi lidmi. Zastavte se na vynikaj\u00edc\u00ed j\u00eddlo a pit\u00ed a u\u017eijte si \u010das s p\u0159\u00e1teli.<\/p><p>Dorazte hladov\u00ed, odch\u00e1zejte vesel\u00ed a p\u0159ij\u010fte zas! Jasn\u00e9?<\/p><h6>*1. m\u00edsto v Pulled Pork International na Sv\u011btov\u00e9m \u0161ampion\u00e1tu Jack Daniel\u2019s Invitational Barbecue 2016, Lynchburg, Tennessee.<\/h6><p><span style=\"font-size: 16px;\">Vyr\u016fstaj\u00edce s nad\u0161en\u00edm pro klasick\u00e9 americk\u00e9 hamburgery a BBQ, Dean a Lori str\u00e1vili v roce 2009 dva m\u011bs\u00edce cestov\u00e1n\u00edm po americk\u00e9m jihu a z\u00e1pad\u011b, aby vylep\u0161ili sv\u00e9 dovednosti ve va\u0159en\u00ed a na\u0161li inspiraci z chut\u00ed p\u0159ipom\u00ednaj\u00edc\u00edch jejich ml\u00e1d\u00ed. Po n\u00e1vratu do Prahy zalo\u017eili sv\u016fj potuln\u00fd pouli\u010dn\u00ed st\u00e1nek Lokal Burger a za\u010dali budit rozruch sv\u00fdm prvn\u00edm zauzen\u00fdm vep\u0159ov\u00fdm trhan\u00fdm masem. Za\u010dali Burgry z\u00e1sobovat bary v sousedstv\u00ed, spole\u010densk\u00e9 akce a pra\u017esk\u00e9 farm\u00e1\u0159sk\u00e9 trhy. Dva roky pot\u00e9 otev\u0159eli prvn\u00ed restauraci The Tavern a v roce 2014 p\u0159evzali n\u00e1jem 110ti-let\u00e9 \u017ei\u017ekovsk\u00e9 hospody U Kurel\u016f a znovuotev\u0159eli ji jako funky modern\u00ed zt\u011blesn\u011bn\u00ed tradi\u010dn\u00edho \u010desk\u00e9ho baru.<\/span><\/p><\/div><\/div><\/div><\/div><\/div><\/div><\/div><p lang=\"en-US\">Spolu s provozem dvou restaurac\u00ed se Dean a Lori kv\u016fli jejich l\u00e1sce k BBQ rozhodli vytvo\u0159it sout\u011b\u017en\u00ed dvojici Sticky D\u2019s BBQ. D\u00edky jejich vysok\u00e9mu hodnocen\u00ed byli pozv\u00e1ni reprezentovat \u010ceskou republiku a \u00fa\u010dastnit se sv\u011btov\u00e9ho \u0161ampion\u00e1tu Jack Daniel\u2019s World Championship Invitational Barbecue v Lynchburgu ve st\u00e1t\u011b Tennessee. P\u0159inesli si sebou do Prahy nejvy\u0161\u0161\u00ed celkov\u00e9 hodnocen\u00ed v evropsk\u00e9 divizi (trhan\u00e9 vep\u0159ov\u00e9, \u017eebra, b\u016f\u010dek a ku\u0159ec\u00ed) stejn\u011b jako 1. m\u00edsto v cel\u00e9 mezin\u00e1rodn\u00ed kategorii za jejich zauzen\u00e9 trhan\u00e9 vep\u0159ov\u00e9, kter\u00e9 m\u016f\u017eete vyzkou\u0161et ka\u017ed\u00fd den jak v The Tavern, tak U Kurel\u016f.<\/p>\t\t\t\t\t\t<\/div>\n\t\t\t\t<\/div>\n\t\t\t\t\t<\/div>\n\t\t\t\t<\/div>\n\t\t\t\t\t\t\t<\/div>\n\t\t","protected":false},"excerpt":{"rendered":"<p>Smoked Pulled Pork Rocks V roce 2010 jsme otev\u0159eli pro fanou\u0161ky klasick\u00fdch americk\u00fdch diner-style burgr\u016f a koktejl\u016f restauraci The Tavern \u2013 prvn\u00ed bar\/restauraci sv\u00e9ho druhu v \u010cesk\u00e9 republice. Ochutnejte z v\u00fdb\u011bru \u010desk\u00fdch minipivovar\u016f; obslou\u017e\u00ed V\u00e1s nejp\u0159\u00e1tel\u0161t\u011bj\u0161\u00ed person\u00e1l \u0161iroko daleko. Vyberte si z na\u0161\u00ed nab\u00eddky \u0161\u0165avnat\u00fdch a \u010derstv\u011b ugrilovan\u00fdch burgr\u016f ze 100% hov\u011bz\u00edho krku s rozt\u00e9kaj\u00edc\u00edm &hellip;<\/p>\n<p class=\"read-more\"> <a class=\"\" href=\"https:\/\/stage.23x.cz\/tavern\/dean-lori\/\"> <span class=\"screen-reader-text\">O n\u00e1s<\/span> \u010c\u00edst d\u00e1l \u00bb<\/a><\/p>\n","protected":false},"author":1,"featured_media":0,"parent":0,"menu_order":16,"comment_status":"closed","ping_status":"closed","template":"elementor_header_footer","meta":{"inline_featured_image":false,"_mi_skip_tracking":false,"site-sidebar-layout":"default","site-content-layout":"default","ast-global-header-display":"","ast-main-header-display":"","ast-hfb-above-header-display":"","ast-hfb-below-header-display":"","ast-hfb-mobile-header-display":"","site-post-title":"","ast-breadcrumbs-content":"","ast-featured-img":"","footer-sml-layout":"","theme-transparent-header-meta":"default","adv-header-id-meta":"","stick-header-meta":"default","header-above-stick-meta":"","header-main-stick-meta":"","header-below-stick-meta":""},"acf":[],"yoast_head":"<!-- This site is optimized with the Yoast SEO plugin v20.4 - https:\/\/yoast.com\/wordpress\/plugins\/seo\/ -->\n<title>O n\u00e1s &ndash; The Tavern<\/title>\n<meta name=\"description\" content=\"V\u00edtejte v The Tavern\" \/>\n<meta name=\"robots\" content=\"index, follow, max-snippet:-1, max-image-preview:large, max-video-preview:-1\" \/>\n<link rel=\"canonical\" href=\"https:\/\/stage.23x.cz\/tavern\/dean-lori\/\" \/>\n<meta property=\"og:locale\" content=\"cs_CZ\" \/>\n<meta property=\"og:type\" content=\"article\" \/>\n<meta property=\"og:title\" content=\"O n\u00e1s &ndash; The Tavern\" \/>\n<meta property=\"og:description\" content=\"V\u00edtejte v The Tavern\" \/>\n<meta property=\"og:url\" content=\"https:\/\/stage.23x.cz\/tavern\/dean-lori\/\" \/>\n<meta property=\"og:site_name\" content=\"The Tavern\" \/>\n<meta property=\"article:publisher\" content=\"https:\/\/www.facebook.com\/profile.php?id=100063712806248\" \/>\n<meta property=\"article:modified_time\" content=\"2023-02-02T16:04:56+00:00\" \/>\n<meta property=\"og:image\" content=\"https:\/\/stage.23x.cz\/tavern\/wp-content\/uploads\/2017\/04\/pulled-pork.jpg\" \/>\n<meta name=\"twitter:card\" content=\"summary_large_image\" \/>\n<meta name=\"twitter:label1\" content=\"Odhadovan\u00e1 doba \u010dten\u00ed\" \/>\n\t<meta name=\"twitter:data1\" content=\"3 minuty\" \/>\n<!-- \/ Yoast SEO plugin. -->","yoast_head_json":{"title":"O n\u00e1s &ndash; The Tavern","description":"V\u00edtejte v The Tavern","robots":{"index":"index","follow":"follow","max-snippet":"max-snippet:-1","max-image-preview":"max-image-preview:large","max-video-preview":"max-video-preview:-1"},"canonical":"https:\/\/stage.23x.cz\/tavern\/dean-lori\/","og_locale":"cs_CZ","og_type":"article","og_title":"O n\u00e1s &ndash; The Tavern","og_description":"V\u00edtejte v The Tavern","og_url":"https:\/\/stage.23x.cz\/tavern\/dean-lori\/","og_site_name":"The Tavern","article_publisher":"https:\/\/www.facebook.com\/profile.php?id=100063712806248","article_modified_time":"2023-02-02T16:04:56+00:00","og_image":[{"url":"https:\/\/stage.23x.cz\/tavern\/wp-content\/uploads\/2017\/04\/pulled-pork.jpg"}],"twitter_card":"summary_large_image","twitter_misc":{"Odhadovan\u00e1 doba \u010dten\u00ed":"3 minuty"},"schema":{"@context":"https:\/\/schema.org","@graph":[{"@type":"WebPage","@id":"https:\/\/stage.23x.cz\/tavern\/dean-lori\/","url":"https:\/\/stage.23x.cz\/tavern\/dean-lori\/","name":"O n\u00e1s &ndash; The Tavern","isPartOf":{"@id":"https:\/\/stage.23x.cz\/tavern\/#website"},"datePublished":"2017-01-20T18:04:57+00:00","dateModified":"2023-02-02T16:04:56+00:00","description":"V\u00edtejte v The Tavern","breadcrumb":{"@id":"https:\/\/stage.23x.cz\/tavern\/dean-lori\/#breadcrumb"},"inLanguage":"cs","potentialAction":[{"@type":"ReadAction","target":["https:\/\/stage.23x.cz\/tavern\/dean-lori\/"]}]},{"@type":"BreadcrumbList","@id":"https:\/\/stage.23x.cz\/tavern\/dean-lori\/#breadcrumb","itemListElement":[{"@type":"ListItem","position":1,"name":"Home","item":"https:\/\/stage.23x.cz\/tavern\/"},{"@type":"ListItem","position":2,"name":"O n\u00e1s"}]},{"@type":"WebSite","@id":"https:\/\/stage.23x.cz\/tavern\/#website","url":"https:\/\/stage.23x.cz\/tavern\/","name":"The Tavern","description":"Burger &amp; Cocktail Bar","publisher":{"@id":"https:\/\/stage.23x.cz\/tavern\/#organization"},"potentialAction":[{"@type":"SearchAction","target":{"@type":"EntryPoint","urlTemplate":"https:\/\/stage.23x.cz\/tavern\/?s={search_term_string}"},"query-input":"required name=search_term_string"}],"inLanguage":"cs"},{"@type":"Organization","@id":"https:\/\/stage.23x.cz\/tavern\/#organization","name":"The Tavern","url":"https:\/\/stage.23x.cz\/tavern\/","logo":{"@type":"ImageObject","inLanguage":"cs","@id":"https:\/\/stage.23x.cz\/tavern\/#\/schema\/logo\/image\/","url":"https:\/\/stage.23x.cz\/tavern\/wp-content\/uploads\/2017\/04\/The-Tavern-logo.svg","contentUrl":"https:\/\/stage.23x.cz\/tavern\/wp-content\/uploads\/2017\/04\/The-Tavern-logo.svg","width":286,"height":63,"caption":"The Tavern"},"image":{"@id":"https:\/\/stage.23x.cz\/tavern\/#\/schema\/logo\/image\/"},"sameAs":["https:\/\/www.facebook.com\/profile.php?id=100063712806248"]}]}},"_links":{"self":[{"href":"https:\/\/stage.23x.cz\/tavern\/wp-json\/wp\/v2\/pages\/17"}],"collection":[{"href":"https:\/\/stage.23x.cz\/tavern\/wp-json\/wp\/v2\/pages"}],"about":[{"href":"https:\/\/stage.23x.cz\/tavern\/wp-json\/wp\/v2\/types\/page"}],"author":[{"embeddable":true,"href":"https:\/\/stage.23x.cz\/tavern\/wp-json\/wp\/v2\/users\/1"}],"replies":[{"embeddable":true,"href":"https:\/\/stage.23x.cz\/tavern\/wp-json\/wp\/v2\/comments?post=17"}],"version-history":[{"count":27,"href":"https:\/\/stage.23x.cz\/tavern\/wp-json\/wp\/v2\/pages\/17\/revisions"}],"predecessor-version":[{"id":19878,"href":"https:\/\/stage.23x.cz\/tavern\/wp-json\/wp\/v2\/pages\/17\/revisions\/19878"}],"wp:attachment":[{"href":"https:\/\/stage.23x.cz\/tavern\/wp-json\/wp\/v2\/media?parent=17"}],"curies":[{"name":"wp","href":"https:\/\/api.w.org\/{rel}","templated":true}]}}