{"id":19471,"date":"2017-01-20T19:04:28","date_gmt":"2017-01-20T18:04:28","guid":{"rendered":"https:\/\/stage.23x.cz\/tavern\/reservations\/"},"modified":"2023-02-14T12:49:53","modified_gmt":"2023-02-14T11:49:53","slug":"reservations","status":"publish","type":"page","link":"https:\/\/stage.23x.cz\/tavern\/reservations\/?lang=en","title":{"rendered":"Reservations"},"content":{"rendered":"\t\t<div data-elementor-type=\"wp-page\" data-elementor-id=\"19471\" class=\"elementor elementor-19471 elementor-14\">\n\t\t\t\t\t\t\t<div class=\"elementor-element elementor-element-c12ef81 e-con-boxed e-con\" data-id=\"c12ef81\" data-element_type=\"container\" data-settings=\"{&quot;content_width&quot;:&quot;boxed&quot;}\">\n\t\t\t\t\t<div class=\"e-con-inner\">\n\t\t\t\t<div class=\"elementor-element elementor-element-c0e69db elementor-widget elementor-widget-template\" data-id=\"c0e69db\" data-element_type=\"widget\" data-widget_type=\"template.default\">\n\t\t\t\t<div class=\"elementor-widget-container\">\n\t\t\t\t\t<div class=\"elementor-template\">\n\t\t\t\t\t<div data-elementor-type=\"container\" data-elementor-id=\"19823\" class=\"elementor elementor-19823\">\n\t\t\t\t\t\t\t<div class=\"elementor-element elementor-element-42c278a2 e-con-boxed e-con\" data-id=\"42c278a2\" data-element_type=\"container\" data-settings=\"{&quot;background_background&quot;:&quot;classic&quot;,&quot;content_width&quot;:&quot;boxed&quot;}\">\n\t\t\t\t\t<div class=\"e-con-inner\">\n\t\t\t\t<div class=\"elementor-element elementor-element-1f67b54 elementor-widget elementor-widget-heading\" data-id=\"1f67b54\" data-element_type=\"widget\" data-widget_type=\"heading.default\">\n\t\t\t\t<div class=\"elementor-widget-container\">\n\t\t\t<style>\/*! elementor - v3.12.1 - 02-04-2023 *\/\n.elementor-heading-title{padding:0;margin:0;line-height:1}.elementor-widget-heading .elementor-heading-title[class*=elementor-size-]>a{color:inherit;font-size:inherit;line-height:inherit}.elementor-widget-heading .elementor-heading-title.elementor-size-small{font-size:15px}.elementor-widget-heading .elementor-heading-title.elementor-size-medium{font-size:19px}.elementor-widget-heading .elementor-heading-title.elementor-size-large{font-size:29px}.elementor-widget-heading .elementor-heading-title.elementor-size-xl{font-size:39px}.elementor-widget-heading .elementor-heading-title.elementor-size-xxl{font-size:59px}<\/style><h2 class=\"elementor-heading-title elementor-size-default\">Zarezervujte si st\u016fl<\/h2>\t\t<\/div>\n\t\t\t\t<\/div>\n\t\t\t\t<div class=\"elementor-element elementor-element-764517f elementor-widget elementor-widget-text-editor\" data-id=\"764517f\" data-element_type=\"widget\" data-widget_type=\"text-editor.default\">\n\t\t\t\t<div class=\"elementor-widget-container\">\n\t\t\t<style>\/*! elementor - v3.12.1 - 02-04-2023 *\/\n.elementor-widget-text-editor.elementor-drop-cap-view-stacked .elementor-drop-cap{background-color:#69727d;color:#fff}.elementor-widget-text-editor.elementor-drop-cap-view-framed .elementor-drop-cap{color:#69727d;border:3px solid;background-color:transparent}.elementor-widget-text-editor:not(.elementor-drop-cap-view-default) .elementor-drop-cap{margin-top:8px}.elementor-widget-text-editor:not(.elementor-drop-cap-view-default) .elementor-drop-cap-letter{width:1em;height:1em}.elementor-widget-text-editor .elementor-drop-cap{float:left;text-align:center;line-height:1;font-size:50px}.elementor-widget-text-editor .elementor-drop-cap-letter{display:inline-block}<\/style>\t\t\t\t<p>Tento <a href=\"https:\/\/stage.23x.cz\/tavern\/rezervace\/\">rezerva\u010dn\u00ed formul\u00e1\u0159<\/a>\u00a0slou\u017e\u00ed k rezervaci stol\u016f na ve\u010de\u0159i (od 17:00 d\u00e1le). Jestli\u017ee m\u00e1te z\u00e1jem o rezervaci na ob\u011bd, brunch, nebo v\u011bt\u0161\u00ed oslavu, napi\u0161te n\u00e1m pros\u00edm <a href=\"mailto:rezervace@thetavern.cz\">email<\/a>.<\/p><p>Toto nen\u00ed automatick\u00fd rezerva\u010dn\u00ed syst\u00e9m. Potvrzen\u00ed rezervace v\u00e1m za\u0161leme co nejd\u0159\u00edve. Jestli\u017ee je v\u00e1mi vybran\u00fd \u010das obsazen, nab\u00eddneme v\u00e1m dal\u0161\u00ed mo\u017enosti.<\/p><p>Rezervace na dne\u0161n\u00ed &#8222;last minute&#8220; nebo take-away na telefonu <a href=\"tel:+420725319226\">+420 725 319 226<\/a><\/p>\t\t\t\t\t\t<\/div>\n\t\t\t\t<\/div>\n\t\t\t\t<div class=\"elementor-element elementor-element-f320e6e elementor-widget elementor-widget-wp-widget-bpfwp_contact_card_widget\" data-id=\"f320e6e\" data-element_type=\"widget\" data-widget_type=\"wp-widget-bpfwp_contact_card_widget.default\">\n\t\t\t\t<div class=\"elementor-widget-container\">\n\t\t\t<h5>M\u00e1me otev\u0159eno:<\/h5><style><\/style><address class=\"bp-contact-card\">\n\r\n\t\t\t\r\n\t\t<dl class='dl-horizontal dl-opening'>\n\t\t\t<dt>Po &mdash; P\u00e1:<\/dt>\n\t<dd>11:30 &mdash; 22:00<\/dd>\n\t\t\t<dt>So &mdash; Ne:<\/dt>\n\t<dd>11:00 &mdash; 22:00<\/dd>\n\t<\/dl>\t\t<meta itemprop=\"acceptsReservations\" content=\"https:\/\/stage.23x.cz\/tavern\/rezervace\/\">\n\t\t<\/address>\t\t<\/div>\n\t\t\t\t<\/div>\n\t\t<div class=\"elementor-element elementor-element-85b14aa e-con-full e-con\" data-id=\"85b14aa\" data-element_type=\"container\" data-settings=\"{&quot;content_width&quot;:&quot;full&quot;}\">\n\t\t<div class=\"elementor-element elementor-element-2d3dcd14 e-con-full e-con\" data-id=\"2d3dcd14\" data-element_type=\"container\" data-settings=\"{&quot;content_width&quot;:&quot;full&quot;,&quot;background_background&quot;:&quot;classic&quot;}\">\n\t\t\t\t<\/div>\n\t\t<div class=\"elementor-element elementor-element-5c44d340 e-con-full e-con\" data-id=\"5c44d340\" data-element_type=\"container\" data-settings=\"{&quot;content_width&quot;:&quot;full&quot;}\">\n\t\t\t\t<div class=\"elementor-element elementor-element-4da1a5e0 elementor-widget elementor-widget-rtb_booking_form\" data-id=\"4da1a5e0\" data-element_type=\"widget\" data-widget_type=\"rtb_booking_form.default\">\n\t\t\t\t<div class=\"elementor-widget-container\">\n\t\t\t\n\t<script type=\"text\/javascript\">\n        var ajaxurl = 'https:\/\/stage.23x.cz\/tavern\/wp-admin\/admin-ajax.php';\n    <\/script>\n\n    <style>#rtb-time_root .picker__list .picker__list-item.picker__list-item--disabled { display: none; }<\/style>\n    \n<div class=\"rtb-booking-form\">\n\t\n\t\n\t<form method=\"POST\" action=\"https:\/\/stage.23x.cz\/tavern\/rezervace\/\" class=\"rtb-booking-form-form\">\n\t\t<input type=\"hidden\" name=\"action\" value=\"booking_request\">\n\n\t\t\n\t\t\n\t\t\n\t\t\t\t<fieldset class=\"rtb-contact\">\n\n\t\t\t\t\t\t<legend >\n\t\t\t\tKontaktn\u00ed detaily\t\t\t<\/legend>\n\t\t\t\n\t\t\t\n\t<div class=\"rtb-text name\">\n\t\t\t\t<label for=\"rtb-name\">\n\t\t\tJm\u00e9no\t\t<\/label>\n\t\t<input type=\"text\" name=\"rtb-name\" id=\"rtb-name\" value=\"\" required aria-required=\"true\">\n\t<\/div>\n\n\t\n\t<div class=\"rtb-text email\">\n\t\t\t\t<label for=\"rtb-email\">\n\t\t\tEmail\t\t<\/label>\n\t\t<input type=\"email\" name=\"rtb-email\" id=\"rtb-email\" value=\"\" required aria-required=\"true\">\n\t<\/div>\n\n\t\n\t<div class=\"rtb-text phone\">\n\t\t\t\t<label for=\"rtb-phone\">\n\t\t\tTelefon\t\t<\/label>\n\t\t<input type=\"tel\" name=\"rtb-phone\" id=\"rtb-phone\" value=\"\">\n\t<\/div>\n\n\t\t\t<\/fieldset>\n\t\t\t\t<fieldset class=\"reservation\">\n\n\t\t\t\t\t\t<legend >\n\t\t\t\tRezervovat st\u016fl\t\t\t<\/legend>\n\t\t\t\n\t\t\t\n\t<div class=\"rtb-select delka-rezervace\">\n\t\t\t\t<label for=\"rtb-delka-rezervace\">\n\t\t\tD\u00e9lka rezervace\t\t<\/label>\n\t\t<select name=\"rtb-delka-rezervace\" id=\"rtb-delka-rezervace\" required aria-required=\"true\"  data-selected=\"\">\n\t\t\t\t\t\t\t\t\t<option value=\"0\" >Rychl\u00e1 ve\u010de\u0159e: 1 hodina<\/option>\n\t\t\t\t\t\t<option value=\"1\" >Burge a p\u00e1r piv: 1.5 hodiny<\/option>\n\t\t\t\t\t\t<option value=\"2\" >Burger a piva XL: 2 hodiny<\/option>\n\t\t\t\t\t\t<option value=\"3\" >Party XXL: p\u0159es 2.5 hodiny (jen od 19:30)<\/option>\n\t\t\t\t\t<\/select>\n\t<\/div>\n\n\t\n\t<div class=\"rtb-select party\">\n\t\t\t\t<label for=\"rtb-party\">\n\t\t\tPo\u010det host\u016f\t\t<\/label>\n\t\t<select name=\"rtb-party\" id=\"rtb-party\" required aria-required=\"true\"  data-selected=\"\">\n\t\t\t\t\t\t\t\t\t<option value=\"1\" >1<\/option>\n\t\t\t\t\t\t<option value=\"2\" >2<\/option>\n\t\t\t\t\t\t<option value=\"3\" >3<\/option>\n\t\t\t\t\t\t<option value=\"4\" >4<\/option>\n\t\t\t\t\t\t<option value=\"5\" >5<\/option>\n\t\t\t\t\t\t<option value=\"6\" >6<\/option>\n\t\t\t\t\t\t<option value=\"7\" >7<\/option>\n\t\t\t\t\t\t<option value=\"8\" >8<\/option>\n\t\t\t\t\t\t<option value=\"9\" >9<\/option>\n\t\t\t\t\t\t<option value=\"10\" >10<\/option>\n\t\t\t\t\t\t<option value=\"11\" >11<\/option>\n\t\t\t\t\t\t<option value=\"12\" >12<\/option>\n\t\t\t\t\t<\/select>\n\t<\/div>\n\n\t\n\t<div class=\"rtb-text date\">\n\t\t\t\t<label for=\"rtb-date\">\n\t\t\tDatum\t\t<\/label>\n\t\t<input type=\"text\" name=\"rtb-date\" id=\"rtb-date\" value=\"\" required aria-required=\"true\">\n\t<\/div>\n\n\t\n\t<div class=\"rtb-text time\">\n\t\t\t\t<label for=\"rtb-time\">\n\t\t\t\u010cas\t\t<\/label>\n\t\t<input type=\"text\" name=\"rtb-time\" id=\"rtb-time\" value=\"\" required aria-required=\"true\">\n\t<\/div>\n\n\t\n\t<div class=\"add-message\">\n\t\t<a href=\"#\">\n\t\t\tP\u0159idat pozn\u00e1mku\t\t<\/a>\n\t<\/div>\n\n\t\n\t<div class=\"rtb-textarea message\">\n\t\t\t\t<label for=\"rtb-message\">\n\t\t\tPozn\u00e1mka\t\t<\/label>\n\t\t<textarea name=\"rtb-message\" id=\"rtb-message\"><\/textarea>\n\t<\/div>\n\n\t\t\t<\/fieldset>\n\t\t\n\t\t\n\t\t<fieldset class=\"rtb-form-footer\">\n\t\t\t<div id='rtb_recaptcha'><\/div>\n\t\t\t\n\t\t\t<div class=\"rtb-form-submit\"><button type=\"submit\">Rezervovat<\/button><\/div>\t\t<\/fieldset>\n\n\n\t<\/form>\n\t<\/div>\n\n\t\t\t<\/div>\n\t\t\t\t<\/div>\n\t\t\t\t<\/div>\n\t\t\t\t<\/div>\n\t\t\t\t\t<\/div>\n\t\t\t\t<\/div>\n\t\t\t\t\t\t\t<\/div>\n\t\t\t\t<\/div>\n\t\t\t\t<\/div>\n\t\t\t\t<\/div>\n\t\t\t\t\t<\/div>\n\t\t\t\t<\/div>\n\t\t\t\t\t\t\t<\/div>\n\t\t","protected":false},"excerpt":{"rendered":"","protected":false},"author":1,"featured_media":0,"parent":0,"menu_order":9,"comment_status":"closed","ping_status":"closed","template":"elementor_header_footer","meta":{"inline_featured_image":false,"_mi_skip_tracking":false,"site-sidebar-layout":"no-sidebar","site-content-layout":"page-builder","ast-global-header-display":"","ast-main-header-display":"","ast-hfb-above-header-display":"","ast-hfb-below-header-display":"","ast-hfb-mobile-header-display":"","site-post-title":"disabled","ast-breadcrumbs-content":"","ast-featured-img":"disabled","footer-sml-layout":"","theme-transparent-header-meta":"","adv-header-id-meta":"","stick-header-meta":"","header-above-stick-meta":"","header-main-stick-meta":"","header-below-stick-meta":""},"acf":[],"yoast_head":"<!-- This site is optimized with the Yoast SEO plugin v20.4 - https:\/\/yoast.com\/wordpress\/plugins\/seo\/ -->\n<title>Reservations &ndash; The Tavern<\/title>\n<meta name=\"description\" content=\"Welcome to The Tavern\" \/>\n<meta name=\"robots\" content=\"index, follow, max-snippet:-1, max-image-preview:large, max-video-preview:-1\" \/>\n<link rel=\"canonical\" href=\"https:\/\/stage.23x.cz\/tavern\/reservations\/\" \/>\n<meta property=\"og:locale\" content=\"cs_CZ\" \/>\n<meta property=\"og:type\" content=\"article\" \/>\n<meta property=\"og:title\" content=\"Reservations &ndash; The Tavern\" \/>\n<meta property=\"og:description\" content=\"Welcome to The Tavern\" \/>\n<meta property=\"og:url\" content=\"https:\/\/stage.23x.cz\/tavern\/reservations\/?lang=en\" \/>\n<meta property=\"og:site_name\" content=\"The Tavern\" \/>\n<meta property=\"article:publisher\" content=\"https:\/\/www.facebook.com\/profile.php?id=100063712806248\" \/>\n<meta property=\"article:modified_time\" content=\"2023-02-14T11:49:53+00:00\" \/>\n<meta name=\"twitter:card\" content=\"summary_large_image\" \/>\n<!-- \/ Yoast SEO plugin. -->","yoast_head_json":{"title":"Reservations &ndash; The Tavern","description":"Welcome to The Tavern","robots":{"index":"index","follow":"follow","max-snippet":"max-snippet:-1","max-image-preview":"max-image-preview:large","max-video-preview":"max-video-preview:-1"},"canonical":"https:\/\/stage.23x.cz\/tavern\/reservations\/","og_locale":"cs_CZ","og_type":"article","og_title":"Reservations &ndash; The Tavern","og_description":"Welcome to The Tavern","og_url":"https:\/\/stage.23x.cz\/tavern\/reservations\/?lang=en","og_site_name":"The Tavern","article_publisher":"https:\/\/www.facebook.com\/profile.php?id=100063712806248","article_modified_time":"2023-02-14T11:49:53+00:00","twitter_card":"summary_large_image","schema":{"@context":"https:\/\/schema.org","@graph":[{"@type":"WebPage","@id":"https:\/\/stage.23x.cz\/tavern\/reservations\/?lang=en","url":"https:\/\/stage.23x.cz\/tavern\/reservations\/?lang=en","name":"Reservations &ndash; The Tavern","isPartOf":{"@id":"https:\/\/stage.23x.cz\/tavern\/#website"},"datePublished":"2017-01-20T18:04:28+00:00","dateModified":"2023-02-14T11:49:53+00:00","description":"Welcome to The Tavern","breadcrumb":{"@id":"https:\/\/stage.23x.cz\/tavern\/reservations\/?lang=en#breadcrumb"},"inLanguage":"cs","potentialAction":[{"@type":"ReadAction","target":["https:\/\/stage.23x.cz\/tavern\/reservations\/?lang=en"]}]},{"@type":"BreadcrumbList","@id":"https:\/\/stage.23x.cz\/tavern\/reservations\/?lang=en#breadcrumb","itemListElement":[{"@type":"ListItem","position":1,"name":"Home","item":"https:\/\/stage.23x.cz\/tavern\/"},{"@type":"ListItem","position":2,"name":"Reservations"}]},{"@type":"WebSite","@id":"https:\/\/stage.23x.cz\/tavern\/#website","url":"https:\/\/stage.23x.cz\/tavern\/","name":"The Tavern","description":"Burger &amp; Cocktail Bar","publisher":{"@id":"https:\/\/stage.23x.cz\/tavern\/#organization"},"potentialAction":[{"@type":"SearchAction","target":{"@type":"EntryPoint","urlTemplate":"https:\/\/stage.23x.cz\/tavern\/?s={search_term_string}"},"query-input":"required name=search_term_string"}],"inLanguage":"cs"},{"@type":"Organization","@id":"https:\/\/stage.23x.cz\/tavern\/#organization","name":"The Tavern","url":"https:\/\/stage.23x.cz\/tavern\/","logo":{"@type":"ImageObject","inLanguage":"cs","@id":"https:\/\/stage.23x.cz\/tavern\/#\/schema\/logo\/image\/","url":"https:\/\/stage.23x.cz\/tavern\/wp-content\/uploads\/2017\/04\/The-Tavern-logo.svg","contentUrl":"https:\/\/stage.23x.cz\/tavern\/wp-content\/uploads\/2017\/04\/The-Tavern-logo.svg","width":286,"height":63,"caption":"The Tavern"},"image":{"@id":"https:\/\/stage.23x.cz\/tavern\/#\/schema\/logo\/image\/"},"sameAs":["https:\/\/www.facebook.com\/profile.php?id=100063712806248"]}]}},"_links":{"self":[{"href":"https:\/\/stage.23x.cz\/tavern\/wp-json\/wp\/v2\/pages\/19471"}],"collection":[{"href":"https:\/\/stage.23x.cz\/tavern\/wp-json\/wp\/v2\/pages"}],"about":[{"href":"https:\/\/stage.23x.cz\/tavern\/wp-json\/wp\/v2\/types\/page"}],"author":[{"embeddable":true,"href":"https:\/\/stage.23x.cz\/tavern\/wp-json\/wp\/v2\/users\/1"}],"replies":[{"embeddable":true,"href":"https:\/\/stage.23x.cz\/tavern\/wp-json\/wp\/v2\/comments?post=19471"}],"version-history":[{"count":3,"href":"https:\/\/stage.23x.cz\/tavern\/wp-json\/wp\/v2\/pages\/19471\/revisions"}],"predecessor-version":[{"id":19898,"href":"https:\/\/stage.23x.cz\/tavern\/wp-json\/wp\/v2\/pages\/19471\/revisions\/19898"}],"wp:attachment":[{"href":"https:\/\/stage.23x.cz\/tavern\/wp-json\/wp\/v2\/media?parent=19471"}],"curies":[{"name":"wp","href":"https:\/\/api.w.org\/{rel}","templated":true}]}}