{"id":19473,"date":"2017-01-20T19:04:57","date_gmt":"2017-01-20T18:04:57","guid":{"rendered":"https:\/\/stage.23x.cz\/tavern\/about-us\/"},"modified":"2023-02-14T12:54:26","modified_gmt":"2023-02-14T11:54:26","slug":"about-us","status":"publish","type":"page","link":"https:\/\/stage.23x.cz\/tavern\/about-us\/?lang=en","title":{"rendered":"About Us"},"content":{"rendered":"\t\t<div data-elementor-type=\"wp-page\" data-elementor-id=\"19473\" class=\"elementor elementor-19473 elementor-17\">\n\t\t\t\t\t\t\t<div class=\"elementor-element elementor-element-8a9b1d3 e-con-full e-con\" data-id=\"8a9b1d3\" data-element_type=\"container\" data-settings=\"{&quot;content_width&quot;:&quot;full&quot;}\">\n\t\t\t\t<div class=\"elementor-element elementor-element-680174c gallery-spacing-custom elementor-widget elementor-widget-image-gallery\" data-id=\"680174c\" data-element_type=\"widget\" data-widget_type=\"image-gallery.default\">\n\t\t\t\t<div class=\"elementor-widget-container\">\n\t\t\t<style>\/*! elementor - v3.12.1 - 02-04-2023 *\/\n.elementor-image-gallery .gallery-item{display:inline-block;text-align:center;vertical-align:top;width:100%;max-width:100%;margin:0 auto}.elementor-image-gallery .gallery-item img{margin:0 auto}.elementor-image-gallery .gallery-item .gallery-caption{margin:0}.elementor-image-gallery figure img{display:block}.elementor-image-gallery figure figcaption{width:100%}.gallery-spacing-custom .elementor-image-gallery .gallery-icon{padding:0}@media (min-width:768px){.elementor-image-gallery .gallery-columns-2 .gallery-item{max-width:50%}.elementor-image-gallery .gallery-columns-3 .gallery-item{max-width:33.33%}.elementor-image-gallery .gallery-columns-4 .gallery-item{max-width:25%}.elementor-image-gallery .gallery-columns-5 .gallery-item{max-width:20%}.elementor-image-gallery .gallery-columns-6 .gallery-item{max-width:16.666%}.elementor-image-gallery .gallery-columns-7 .gallery-item{max-width:14.28%}.elementor-image-gallery .gallery-columns-8 .gallery-item{max-width:12.5%}.elementor-image-gallery .gallery-columns-9 .gallery-item{max-width:11.11%}.elementor-image-gallery .gallery-columns-10 .gallery-item{max-width:10%}}@media (min-width:480px) and (max-width:767px){.elementor-image-gallery .gallery.gallery-columns-2 .gallery-item,.elementor-image-gallery .gallery.gallery-columns-3 .gallery-item,.elementor-image-gallery .gallery.gallery-columns-4 .gallery-item,.elementor-image-gallery .gallery.gallery-columns-5 .gallery-item,.elementor-image-gallery .gallery.gallery-columns-6 .gallery-item,.elementor-image-gallery .gallery.gallery-columns-7 .gallery-item,.elementor-image-gallery .gallery.gallery-columns-8 .gallery-item,.elementor-image-gallery .gallery.gallery-columns-9 .gallery-item,.elementor-image-gallery .gallery.gallery-columns-10 .gallery-item{max-width:50%}}@media (max-width:479px){.elementor-image-gallery .gallery.gallery-columns-2 .gallery-item,.elementor-image-gallery .gallery.gallery-columns-3 .gallery-item,.elementor-image-gallery .gallery.gallery-columns-4 .gallery-item,.elementor-image-gallery .gallery.gallery-columns-5 .gallery-item,.elementor-image-gallery .gallery.gallery-columns-6 .gallery-item,.elementor-image-gallery .gallery.gallery-columns-7 .gallery-item,.elementor-image-gallery .gallery.gallery-columns-8 .gallery-item,.elementor-image-gallery .gallery.gallery-columns-9 .gallery-item,.elementor-image-gallery .gallery.gallery-columns-10 .gallery-item{max-width:100%}}<\/style>\t\t<div class=\"elementor-image-gallery\">\n\t\t\t<div id='gallery-1' class='gallery galleryid-19473 gallery-columns-3 gallery-size-medium_large'><figure class='gallery-item'>\n\t\t\t<div class='gallery-icon landscape'>\n\t\t\t\t<img width=\"768\" height=\"512\" src=\"https:\/\/stage.23x.cz\/tavern\/wp-content\/uploads\/2017\/04\/pulled-pork.jpg\" class=\"attachment-medium_large size-medium_large\" alt=\"\" decoding=\"async\" loading=\"lazy\" \/>\n\t\t\t<\/div><\/figure><figure class='gallery-item'>\n\t\t\t<div class='gallery-icon landscape'>\n\t\t\t\t<img width=\"768\" height=\"513\" src=\"https:\/\/stage.23x.cz\/tavern\/wp-content\/uploads\/2017\/04\/Dean-n-Lori-Sticky-Ds-BBQ.jpg\" class=\"attachment-medium_large size-medium_large\" alt=\"\" decoding=\"async\" loading=\"lazy\" \/>\n\t\t\t<\/div><\/figure><figure class='gallery-item'>\n\t\t\t<div class='gallery-icon portrait'>\n\t\t\t\t<img width=\"768\" height=\"1152\" src=\"https:\/\/stage.23x.cz\/tavern\/wp-content\/uploads\/2017\/05\/pp-acdc-768x1152.jpg\" class=\"attachment-medium_large size-medium_large\" alt=\"Smoked Pulled Pork Rocks\" decoding=\"async\" loading=\"lazy\" aria-describedby=\"gallery-1-2068\" srcset=\"https:\/\/stage.23x.cz\/tavern\/wp-content\/uploads\/2017\/05\/pp-acdc-768x1152.jpg 768w, https:\/\/stage.23x.cz\/tavern\/wp-content\/uploads\/2017\/05\/pp-acdc-100x150.jpg 100w, https:\/\/stage.23x.cz\/tavern\/wp-content\/uploads\/2017\/05\/pp-acdc-200x300.jpg 200w, https:\/\/stage.23x.cz\/tavern\/wp-content\/uploads\/2017\/05\/pp-acdc-683x1024.jpg 683w, https:\/\/stage.23x.cz\/tavern\/wp-content\/uploads\/2017\/05\/pp-acdc-133x200.jpg 133w, https:\/\/stage.23x.cz\/tavern\/wp-content\/uploads\/2017\/05\/pp-acdc.jpg 1000w\" sizes=\"(max-width: 768px) 100vw, 768px\" \/>\n\t\t\t<\/div>\n\t\t\t\t<figcaption class='wp-caption-text gallery-caption' id='gallery-1-2068'>\n\t\t\t\tSmoked Pulled Pork Rocks\n\t\t\t\t<\/figcaption><\/figure>\n\t\t<\/div>\n\t\t<\/div>\n\t\t\t\t<\/div>\n\t\t\t\t<\/div>\n\t\t\t\t<\/div>\n\t\t<div class=\"elementor-element elementor-element-a0da82b e-con-boxed e-con\" data-id=\"a0da82b\" data-element_type=\"container\" data-settings=\"{&quot;content_width&quot;:&quot;boxed&quot;}\">\n\t\t\t\t\t<div class=\"e-con-inner\">\n\t\t\t\t<div class=\"elementor-element elementor-element-983d14a elementor-widget elementor-widget-text-editor\" data-id=\"983d14a\" data-element_type=\"widget\" data-widget_type=\"text-editor.default\">\n\t\t\t\t<div class=\"elementor-widget-container\">\n\t\t\t<style>\/*! elementor - v3.12.1 - 02-04-2023 *\/\n.elementor-widget-text-editor.elementor-drop-cap-view-stacked .elementor-drop-cap{background-color:#69727d;color:#fff}.elementor-widget-text-editor.elementor-drop-cap-view-framed .elementor-drop-cap{color:#69727d;border:3px solid;background-color:transparent}.elementor-widget-text-editor:not(.elementor-drop-cap-view-default) .elementor-drop-cap{margin-top:8px}.elementor-widget-text-editor:not(.elementor-drop-cap-view-default) .elementor-drop-cap-letter{width:1em;height:1em}.elementor-widget-text-editor .elementor-drop-cap{float:left;text-align:center;line-height:1;font-size:50px}.elementor-widget-text-editor .elementor-drop-cap-letter{display:inline-block}<\/style>\t\t\t\t<p>In 2011 Dean Selby and Lori Wyant opened The Tavern, a lively neighborhood joint serving American smash-style burgers, creative cocktails, and a great selection of Czech craft brews served by the friendliest staff in town.<\/p>\n<p>The menu has grown over the years to include not only fresh-grilled 100% chuck hamburgers, house-smoked pulled pork, and buttermilk-brined fried chicken, but also some of the tastiest vegetarian and vegan comfort food in the world\u2014try our Magic Mushroom burger with homemade truffle cashew cheese and see for yourself!<\/p>\n<p>On weekends we host the biggest American brunch in town from 11:00 to 16:00 featuring Southern biscuits and gravy on Saturdays and Chicken and Waffles on Sundays.<\/p>\n<h2>Dean &amp; Lori<\/h2>\n<p>The couple started their \u201cLokal Burger\u201d roving food stand\u00a0 in 2009 and created a buzz with the first burger-fueled pop-ups in neighborhood bars, at community events and farmers\u2019 markets. Two years later, The Tavern was born and in 2014 they pair took over the lease for U Kurel\u016f, a 110-year-old neighborhood \u201crestaurace,\u201d and re-opened it as a funky, modern incarnation of a traditional Czech pub.<\/p>\n<p>Along with running the two restaurants, Dean and Lori pursued their love for BBQ even further as the two-person KCBS competition BBQ team Sticky D\u2019s BBQ. In 2016 they were invited to represent the Czech Republic in the prestigious Jack Daniel\u2019s World Championship Invitational Barbecue contest in Lynchburg, Tennessee. They brought back to Prague the highest overall scores in the European division (pulled pork, ribs, brisket and chicken) as well as 1st prize for their pulled pork in the international category, which you can sample every day at both The Tavern and U Kurel\u016f.<\/p>\n\t\t\t\t\t\t<\/div>\n\t\t\t\t<\/div>\n\t\t\t\t\t<\/div>\n\t\t\t\t<\/div>\n\t\t\t\t\t\t\t<\/div>\n\t\t","protected":false},"excerpt":{"rendered":"<p>Smoked Pulled Pork Rocks In 2011 Dean Selby and Lori Wyant opened The Tavern, a lively neighborhood joint serving American smash-style burgers, creative cocktails, and a great selection of Czech craft brews served by the friendliest staff in town. The menu has grown over the years to include not only fresh-grilled 100% chuck hamburgers, house-smoked &hellip;<\/p>\n<p class=\"read-more\"> <a class=\"\" href=\"https:\/\/stage.23x.cz\/tavern\/about-us\/?lang=en\"> <span class=\"screen-reader-text\">About Us<\/span> \u010c\u00edst d\u00e1l \u00bb<\/a><\/p>\n","protected":false},"author":1,"featured_media":0,"parent":0,"menu_order":16,"comment_status":"closed","ping_status":"closed","template":"elementor_header_footer","meta":{"inline_featured_image":false,"_mi_skip_tracking":false,"site-sidebar-layout":"default","site-content-layout":"default","ast-global-header-display":"","ast-main-header-display":"","ast-hfb-above-header-display":"","ast-hfb-below-header-display":"","ast-hfb-mobile-header-display":"","site-post-title":"","ast-breadcrumbs-content":"","ast-featured-img":"","footer-sml-layout":"","theme-transparent-header-meta":"default","adv-header-id-meta":"","stick-header-meta":"default","header-above-stick-meta":"","header-main-stick-meta":"","header-below-stick-meta":""},"acf":[],"yoast_head":"<!-- This site is optimized with the Yoast SEO plugin v20.4 - https:\/\/yoast.com\/wordpress\/plugins\/seo\/ -->\n<title>About Us &ndash; The Tavern<\/title>\n<meta name=\"description\" content=\"Welcome to The Tavern\" \/>\n<meta name=\"robots\" content=\"index, follow, max-snippet:-1, max-image-preview:large, max-video-preview:-1\" \/>\n<link rel=\"canonical\" href=\"https:\/\/stage.23x.cz\/tavern\/about-us\/\" \/>\n<meta property=\"og:locale\" content=\"cs_CZ\" \/>\n<meta property=\"og:type\" content=\"article\" \/>\n<meta property=\"og:title\" content=\"About Us &ndash; The Tavern\" \/>\n<meta property=\"og:description\" content=\"Welcome to The Tavern\" \/>\n<meta property=\"og:url\" content=\"https:\/\/stage.23x.cz\/tavern\/about-us\/?lang=en\" \/>\n<meta property=\"og:site_name\" content=\"The Tavern\" \/>\n<meta property=\"article:publisher\" content=\"https:\/\/www.facebook.com\/profile.php?id=100063712806248\" \/>\n<meta property=\"article:modified_time\" content=\"2023-02-14T11:54:26+00:00\" \/>\n<meta property=\"og:image\" content=\"https:\/\/stage.23x.cz\/tavern\/wp-content\/uploads\/2017\/04\/pulled-pork.jpg\" \/>\n<meta name=\"twitter:card\" content=\"summary_large_image\" \/>\n<meta name=\"twitter:label1\" content=\"Odhadovan\u00e1 doba \u010dten\u00ed\" \/>\n\t<meta name=\"twitter:data1\" content=\"1 minuta\" \/>\n<!-- \/ Yoast SEO plugin. -->","yoast_head_json":{"title":"About Us &ndash; The Tavern","description":"Welcome to The Tavern","robots":{"index":"index","follow":"follow","max-snippet":"max-snippet:-1","max-image-preview":"max-image-preview:large","max-video-preview":"max-video-preview:-1"},"canonical":"https:\/\/stage.23x.cz\/tavern\/about-us\/","og_locale":"cs_CZ","og_type":"article","og_title":"About Us &ndash; The Tavern","og_description":"Welcome to The Tavern","og_url":"https:\/\/stage.23x.cz\/tavern\/about-us\/?lang=en","og_site_name":"The Tavern","article_publisher":"https:\/\/www.facebook.com\/profile.php?id=100063712806248","article_modified_time":"2023-02-14T11:54:26+00:00","og_image":[{"url":"https:\/\/stage.23x.cz\/tavern\/wp-content\/uploads\/2017\/04\/pulled-pork.jpg"}],"twitter_card":"summary_large_image","twitter_misc":{"Odhadovan\u00e1 doba \u010dten\u00ed":"1 minuta"},"schema":{"@context":"https:\/\/schema.org","@graph":[{"@type":"WebPage","@id":"https:\/\/stage.23x.cz\/tavern\/about-us\/?lang=en","url":"https:\/\/stage.23x.cz\/tavern\/about-us\/?lang=en","name":"About Us &ndash; The Tavern","isPartOf":{"@id":"https:\/\/stage.23x.cz\/tavern\/#website"},"datePublished":"2017-01-20T18:04:57+00:00","dateModified":"2023-02-14T11:54:26+00:00","description":"Welcome to The Tavern","breadcrumb":{"@id":"https:\/\/stage.23x.cz\/tavern\/about-us\/?lang=en#breadcrumb"},"inLanguage":"cs","potentialAction":[{"@type":"ReadAction","target":["https:\/\/stage.23x.cz\/tavern\/about-us\/?lang=en"]}]},{"@type":"BreadcrumbList","@id":"https:\/\/stage.23x.cz\/tavern\/about-us\/?lang=en#breadcrumb","itemListElement":[{"@type":"ListItem","position":1,"name":"Home","item":"https:\/\/stage.23x.cz\/tavern\/"},{"@type":"ListItem","position":2,"name":"About Us"}]},{"@type":"WebSite","@id":"https:\/\/stage.23x.cz\/tavern\/#website","url":"https:\/\/stage.23x.cz\/tavern\/","name":"The Tavern","description":"Burger &amp; Cocktail Bar","publisher":{"@id":"https:\/\/stage.23x.cz\/tavern\/#organization"},"potentialAction":[{"@type":"SearchAction","target":{"@type":"EntryPoint","urlTemplate":"https:\/\/stage.23x.cz\/tavern\/?s={search_term_string}"},"query-input":"required name=search_term_string"}],"inLanguage":"cs"},{"@type":"Organization","@id":"https:\/\/stage.23x.cz\/tavern\/#organization","name":"The Tavern","url":"https:\/\/stage.23x.cz\/tavern\/","logo":{"@type":"ImageObject","inLanguage":"cs","@id":"https:\/\/stage.23x.cz\/tavern\/#\/schema\/logo\/image\/","url":"https:\/\/stage.23x.cz\/tavern\/wp-content\/uploads\/2017\/04\/The-Tavern-logo.svg","contentUrl":"https:\/\/stage.23x.cz\/tavern\/wp-content\/uploads\/2017\/04\/The-Tavern-logo.svg","width":286,"height":63,"caption":"The Tavern"},"image":{"@id":"https:\/\/stage.23x.cz\/tavern\/#\/schema\/logo\/image\/"},"sameAs":["https:\/\/www.facebook.com\/profile.php?id=100063712806248"]}]}},"_links":{"self":[{"href":"https:\/\/stage.23x.cz\/tavern\/wp-json\/wp\/v2\/pages\/19473"}],"collection":[{"href":"https:\/\/stage.23x.cz\/tavern\/wp-json\/wp\/v2\/pages"}],"about":[{"href":"https:\/\/stage.23x.cz\/tavern\/wp-json\/wp\/v2\/types\/page"}],"author":[{"embeddable":true,"href":"https:\/\/stage.23x.cz\/tavern\/wp-json\/wp\/v2\/users\/1"}],"replies":[{"embeddable":true,"href":"https:\/\/stage.23x.cz\/tavern\/wp-json\/wp\/v2\/comments?post=19473"}],"version-history":[{"count":2,"href":"https:\/\/stage.23x.cz\/tavern\/wp-json\/wp\/v2\/pages\/19473\/revisions"}],"predecessor-version":[{"id":19900,"href":"https:\/\/stage.23x.cz\/tavern\/wp-json\/wp\/v2\/pages\/19473\/revisions\/19900"}],"wp:attachment":[{"href":"https:\/\/stage.23x.cz\/tavern\/wp-json\/wp\/v2\/media?parent=19473"}],"curies":[{"name":"wp","href":"https:\/\/api.w.org\/{rel}","templated":true}]}}